{"id":9,"date":"2026-03-13T12:56:13","date_gmt":"2026-03-13T11:56:13","guid":{"rendered":"https:\/\/dev.zweiradpopp.de\/?page_id=9"},"modified":"2026-04-23T11:04:46","modified_gmt":"2026-04-23T09:04:46","slug":"zweiradpopp","status":"publish","type":"page","link":"https:\/\/zweiradpopp.de\/","title":{"rendered":"ZweiradPopp"},"content":{"rendered":"\n<h2 class=\"wp-block-heading\"><strong>Verehrte Kunden,<\/strong><\/h2>\n\n\n\n<p>Endspurt vor meinem Umzug im Juni, in meinen neuen Laden, in der H\u00f6zelstra\u00dfe 17. Darum habe ich weiterhin fast das gesamte Sortiment reduziert. Fahrr\u00e4der sind um bis zu 30 % und Zubeh\u00f6r teilweise um mehr als 50 % reduziert. Ich schrumpfe mein Sortiment und spezialisiere mich mehr auf Manufakturfahrr\u00e4der &#8222;Made in Germany&#8220;. Der Hauptfokus liegt dabei auf die Marken Tout Terrain, Rohloff, Pinion und Gates als Antrieb. Nat\u00fcrlich werde ich auch weiterhin &#8222;Normale&#8220; Fahrr\u00e4der und auch E-Bikes anbieten, werde aber nicht mehr so viele verschieden Modelle vorhalten und eher nach Bedarf bestellen.<\/p>\n\n\n\n<p>Der bevorstehende Feiertag, am 1 Mai, ist ein Fenstertag und ich habe daher mein Gesch\u00e4ft am Samstag geschlossen.<\/p>\n\n\n\n<p><strong>Ihr Fritz Popp<\/strong><\/p>\n\n\n\n<p>F\u00fcr Fragen bitte eine Mail an:&nbsp;<a href=\"mailto:popp.fritz62@gmx.de\">popp.fritz62@gmx.de<\/a><\/p>\n","protected":false},"excerpt":{"rendered":"<p>Verehrte Kunden, Endspurt vor meinem Umzug im Juni, in meinen neuen Laden, in der H\u00f6zelstra\u00dfe 17. Darum habe ich weiterhin fast das gesamte Sortiment reduziert. Fahrr\u00e4der sind um bis zu 30 % und Zubeh\u00f6r teilweise um mehr als 50 % reduziert. Ich schrumpfe mein Sortiment und spezialisiere mich mehr auf Manufakturfahrr\u00e4der &#8222;Made in Germany&#8220;. Der [&hellip;]<\/p>\n","protected":false},"author":1,"featured_media":0,"parent":0,"menu_order":0,"comment_status":"closed","ping_status":"closed","template":"","meta":{"_acf_changed":false,"footnotes":""},"class_list":["post-9","page","type-page","status-publish","hentry"],"acf":[],"_links":{"self":[{"href":"https:\/\/zweiradpopp.de\/index.php?rest_route=\/wp\/v2\/pages\/9","targetHints":{"allow":["GET"]}}],"collection":[{"href":"https:\/\/zweiradpopp.de\/index.php?rest_route=\/wp\/v2\/pages"}],"about":[{"href":"https:\/\/zweiradpopp.de\/index.php?rest_route=\/wp\/v2\/types\/page"}],"author":[{"embeddable":true,"href":"https:\/\/zweiradpopp.de\/index.php?rest_route=\/wp\/v2\/users\/1"}],"replies":[{"embeddable":true,"href":"https:\/\/zweiradpopp.de\/index.php?rest_route=%2Fwp%2Fv2%2Fcomments&post=9"}],"version-history":[{"count":10,"href":"https:\/\/zweiradpopp.de\/index.php?rest_route=\/wp\/v2\/pages\/9\/revisions"}],"predecessor-version":[{"id":207,"href":"https:\/\/zweiradpopp.de\/index.php?rest_route=\/wp\/v2\/pages\/9\/revisions\/207"}],"wp:attachment":[{"href":"https:\/\/zweiradpopp.de\/index.php?rest_route=%2Fwp%2Fv2%2Fmedia&parent=9"}],"curies":[{"name":"wp","href":"https:\/\/api.w.org\/{rel}","templated":true}]}}