{"id":16,"date":"2026-03-13T12:57:12","date_gmt":"2026-03-13T11:57:12","guid":{"rendered":"https:\/\/dev.zweiradpopp.de\/?page_id=16"},"modified":"2026-03-25T17:41:43","modified_gmt":"2026-03-25T16:41:43","slug":"angebote","status":"publish","type":"page","link":"https:\/\/zweiradpopp.de\/?page_id=16","title":{"rendered":"Angebote"},"content":{"rendered":"\n<h2 class=\"wp-block-heading\"><strong>Angebote und Schn\u00e4ppchen<\/strong><\/h2>\n\n\n\n<p>Auslaufmodelle und Sonderposten<\/p>\n\n\n\n<p>Angebotspreise gelten nicht f\u00fcr Leasing, Jobrad oder ander Finanzierungen.<\/p>\n\n\n\n<p>Zu meiner Preisgestaltung. Ich habe im Corona Lockdown alle meine Preise gerundet. Ein Fahrrad kostet seither bei mir keine 999,95 \u20ac, sondern 1000,- \u20ac. Das ist einfacher und ehrlicher dem Kunden gegen\u00fcber und f\u00fcr mich ist es einfacher zu h\u00e4ndeln, da ich nicht mehr mit Centpreisen rechnen muss.<\/p>\n\n\n\n<div style=\"height:100px\" aria-hidden=\"true\" class=\"wp-block-spacer\"><\/div>\n\n\n<section id=\"b-ygubrq_hxsll32p\" class=\"brxe-section b-ygubrq_hxsll32p\" data-gbrx-id=\"gb-ygubrq\" data-gbrx-name=\"section\"><div id=\"brxe-zayune_hxsll32p\" class=\"brxe-zayune brxe-container brx-grid brxe-zayune_hxsll32p brxe-zayune_hxsll32p\" data-gbrx-id=\"gb-zayune\" data-gbrx-name=\"container\"><div id=\"brxe-dxvipa_hxsll32p\" class=\"brxe-dxvipa brxe-block brxe-dxvipa_hxsll32p brxe-dxvipa_hxsll32p\" data-gbrx-id=\"gb-dxvipa\" data-gbrx-name=\"block\"><h6 id=\"brxe-azrjub_hxsll32p\" class=\"brxe-azrjub brxe-heading brxe-azrjub_hxsll32p brxe-azrjub_hxsll32p\" data-gbrx-id=\"gb-azrjub\" data-gbrx-name=\"heading\" data-gb-popup-text=\"You cannot edit this Dynamic Field here.\">Herren All Terrain Bike<\/h6><div id=\"brxe-gislge_hxsll32p\" class=\"brxe-gislge brxe-text brxe-gislge_hxsll32p brxe-gislge_hxsll32p\" data-gbrx-id=\"gb-gislge\" data-gbrx-name=\"text\" data-gb-popup-text=\"You cannot edit this Dynamic Field here.\"><p>BBF, Montana Pro, Blau matt,<br \/>\nRahmenh\u00f6he: 46cm, Bereifung: 29 x 2,10, 27 Gang Shimano Alivio,<br \/>\nAusstattung: Alurahmen, einstellbare Federgabel mit Lock Out, Nabendynamo,<br \/>\nLED-Scheinwerfer, hydraulische Scheibenbremsen, Schutzbleche, St\u00e4nder.<\/p>\n<p>Statt bisher 990,- \u20ac, <strong>jetzt 792,- \u20ac<\/strong><\/p>\n<\/div><\/div><div id=\"brxe-angqxa_hxsll32p\" class=\"brxe-angqxa brxe-block brxe-angqxa_hxsll32p brxe-angqxa_hxsll32p\" data-gbrx-id=\"gb-angqxa\" data-gbrx-name=\"block\"><a id=\"brxe-auldwb_hxsll32p\" href=\"https:\/\/zweiradpopp.de\/wp-content\/uploads\/1000138456-1024x616.jpg\" data-pswp-src=\"https:\/\/zweiradpopp.de\/wp-content\/uploads\/1000138456-1024x616.jpg\" data-pswp-width=\"1024\" data-pswp-height=\"616\" data-animation-type=\"zoom\" class=\"brxe-auldwb brxe-div brxe-auldwb_hxsll32p bricks-lightbox brxe-auldwb_hxsll32p\" data-gbrx-id=\"gb-auldwb\" data-gbrx-name=\"div\"><img loading=\"lazy\" decoding=\"async\" width=\"300\" height=\"180\" src=\"https:\/\/zweiradpopp.de\/wp-content\/uploads\/1000138456-300x180.jpg\" class=\"brxe-rswxrr brxe-image brxe-rswxrr_hxsll32p brxe-rswxrr_hxsll32p css-filter size-medium\" alt=\"Herren All Terrain Bike\" id=\"brxe-rswxrr_hxsll32p\" data-gbrx-id=\"gb-rswxrr\" data-gbrx-name=\"image\" data-gb-popup-text=\"You cannot edit this Dynamic Field here.\" srcset=\"https:\/\/zweiradpopp.de\/wp-content\/uploads\/1000138456-300x180.jpg 300w, https:\/\/zweiradpopp.de\/wp-content\/uploads\/1000138456-1024x616.jpg 1024w, https:\/\/zweiradpopp.de\/wp-content\/uploads\/1000138456-768x462.jpg 768w, https:\/\/zweiradpopp.de\/wp-content\/uploads\/1000138456-1536x923.jpg 1536w, https:\/\/zweiradpopp.de\/wp-content\/uploads\/1000138456-2048x1231.jpg 2048w\" sizes=\"auto, (max-width: 300px) 100vw, 300px\" \/><h6 id=\"brxe-jysuwy_hxsll32p\" class=\"brxe-jysuwy brxe-heading brxe-jysuwy_hxsll32p brxe-jysuwy_hxsll32p\" data-gbrx-id=\"gb-jysuwy\" data-gbrx-name=\"heading\" data-gb-popup-text=\"You cannot edit this Dynamic Field here.\">Preis: jetzt 792,- \u20ac<\/h6><\/a><\/div><\/div><div id=\"brxe-zayune_hxsll32p\" class=\"brxe-zayune brxe-container brx-grid brxe-zayune_hxsll32p brxe-zayune_hxsll32p\" data-gbrx-id=\"gb-zayune\" data-gbrx-name=\"container\"><div id=\"brxe-dxvipa_hxsll32p\" class=\"brxe-dxvipa brxe-block brxe-dxvipa_hxsll32p brxe-dxvipa_hxsll32p\" data-gbrx-id=\"gb-dxvipa\" data-gbrx-name=\"block\"><h6 id=\"brxe-azrjub_hxsll32p\" class=\"brxe-azrjub brxe-heading brxe-azrjub_hxsll32p brxe-azrjub_hxsll32p\" data-gbrx-id=\"gb-azrjub\" data-gbrx-name=\"heading\" data-gb-popup-text=\"You cannot edit this Dynamic Field here.\">Herren Elektro Fahrrad<\/h6><div id=\"brxe-gislge_hxsll32p\" class=\"brxe-gislge brxe-text brxe-gislge_hxsll32p brxe-gislge_hxsll32p\" data-gbrx-id=\"gb-gislge\" data-gbrx-name=\"text\" data-gb-popup-text=\"You cannot edit this Dynamic Field here.\"><p>Victoria, eTrekking 7.8, Farbe: Hellgrau,<br \/>\nBereifung: 28 x 2,00, Schaltung: 5 Gang Shimano, Rahmenh\u00f6he: 53cm.<br \/>\nMotor: Bosch &#8222;Performance Line&#8220;, Akku: 500Wh, Display: Intuvia,<br \/>\nAusstattung:hydraulische Schiebenbremsen, Beleuchtung: 80 LUX, Gates Zahnriemen.<br \/>\nStatt bisher 3500,- \u20ac, jetzt nur noch <strong>2800,- \u20ac<\/strong><\/p>\n<\/div><\/div><div id=\"brxe-angqxa_hxsll32p\" class=\"brxe-angqxa brxe-block brxe-angqxa_hxsll32p brxe-angqxa_hxsll32p\" data-gbrx-id=\"gb-angqxa\" data-gbrx-name=\"block\"><a id=\"brxe-auldwb_hxsll32p\" href=\"https:\/\/zweiradpopp.de\/wp-content\/uploads\/1000138448-1024x619.jpg\" data-pswp-src=\"https:\/\/zweiradpopp.de\/wp-content\/uploads\/1000138448-1024x619.jpg\" data-pswp-width=\"1024\" data-pswp-height=\"619\" data-animation-type=\"zoom\" class=\"brxe-auldwb brxe-div brxe-auldwb_hxsll32p bricks-lightbox brxe-auldwb_hxsll32p\" data-gbrx-id=\"gb-auldwb\" data-gbrx-name=\"div\"><img loading=\"lazy\" decoding=\"async\" width=\"300\" height=\"181\" src=\"https:\/\/zweiradpopp.de\/wp-content\/uploads\/1000138448-300x181.jpg\" class=\"brxe-rswxrr brxe-image brxe-rswxrr_hxsll32p brxe-rswxrr_hxsll32p css-filter size-medium\" alt=\"Herren Elektro Fahrrad\" id=\"brxe-rswxrr_hxsll32p\" data-gbrx-id=\"gb-rswxrr\" data-gbrx-name=\"image\" data-gb-popup-text=\"You cannot edit this Dynamic Field here.\" srcset=\"https:\/\/zweiradpopp.de\/wp-content\/uploads\/1000138448-300x181.jpg 300w, https:\/\/zweiradpopp.de\/wp-content\/uploads\/1000138448-1024x619.jpg 1024w, https:\/\/zweiradpopp.de\/wp-content\/uploads\/1000138448-768x464.jpg 768w, https:\/\/zweiradpopp.de\/wp-content\/uploads\/1000138448-1536x928.jpg 1536w, https:\/\/zweiradpopp.de\/wp-content\/uploads\/1000138448-2048x1238.jpg 2048w\" sizes=\"auto, (max-width: 300px) 100vw, 300px\" \/><h6 id=\"brxe-jysuwy_hxsll32p\" class=\"brxe-jysuwy brxe-heading brxe-jysuwy_hxsll32p brxe-jysuwy_hxsll32p\" data-gbrx-id=\"gb-jysuwy\" data-gbrx-name=\"heading\" data-gb-popup-text=\"You cannot edit this Dynamic Field here.\">Preis: 2800,- \u20ac<\/h6><\/a><\/div><\/div><div id=\"brxe-zayune_hxsll32p\" class=\"brxe-zayune brxe-container brx-grid brxe-zayune_hxsll32p brxe-zayune_hxsll32p\" data-gbrx-id=\"gb-zayune\" data-gbrx-name=\"container\"><div id=\"brxe-dxvipa_hxsll32p\" class=\"brxe-dxvipa brxe-block brxe-dxvipa_hxsll32p brxe-dxvipa_hxsll32p\" data-gbrx-id=\"gb-dxvipa\" data-gbrx-name=\"block\"><h6 id=\"brxe-azrjub_hxsll32p\" class=\"brxe-azrjub brxe-heading brxe-azrjub_hxsll32p brxe-azrjub_hxsll32p\" data-gbrx-id=\"gb-azrjub\" data-gbrx-name=\"heading\" data-gb-popup-text=\"You cannot edit this Dynamic Field here.\">Herren Elektro Fahrrad<\/h6><div id=\"brxe-gislge_hxsll32p\" class=\"brxe-gislge brxe-text brxe-gislge_hxsll32p brxe-gislge_hxsll32p\" data-gbrx-id=\"gb-gislge\" data-gbrx-name=\"text\" data-gb-popup-text=\"You cannot edit this Dynamic Field here.\"><div id=\"brxe-dxvipa_hxsll32p\" class=\"brxe-dxvipa brxe-block brxe-dxvipa_hxsll32p brxe-dxvipa_hxsll32p\" data-gbrx-id=\"gb-dxvipa\" data-gbrx-name=\"block\">\n<p id=\"brxe-azrjub_hxsll32p\" class=\"brxe-azrjub brxe-heading brxe-azrjub_hxsll32p brxe-azrjub_hxsll32p\" data-gbrx-id=\"gb-azrjub\" data-gbrx-name=\"heading\" data-gb-popup-text=\"You cannot edit this Dynamic Field here.\">Victoria, eTrekking 6.5, Schwarz matt,<br \/>\nRahmenh\u00f6he: 53cm, Bereifung: 28 x 1,75, Schaltung: 10 Gang Shimano Deore,<br \/>\nMotor: Bosch \u201eAktive Line Plus\u201c, Akku: 500Wh, Display: Intuvia,<br \/>\nAusstattung: einstellbare Federgabel, gefederte Sattelst\u00fctze, LED Scheinwerfer,<br \/>\nhydraulische Scheibenbremsen, Rahmenschloss.<br \/>\nStatt bisher 2600,- \u20ac, <strong>jetzt 1820,- \u20ac<\/strong><\/p>\n<\/div>\n<\/div><\/div><div id=\"brxe-angqxa_hxsll32p\" class=\"brxe-angqxa brxe-block brxe-angqxa_hxsll32p brxe-angqxa_hxsll32p\" data-gbrx-id=\"gb-angqxa\" data-gbrx-name=\"block\"><a id=\"brxe-auldwb_hxsll32p\" href=\"https:\/\/zweiradpopp.de\/wp-content\/uploads\/1000138450-1024x605.jpg\" data-pswp-src=\"https:\/\/zweiradpopp.de\/wp-content\/uploads\/1000138450-1024x605.jpg\" data-pswp-width=\"1024\" data-pswp-height=\"605\" data-animation-type=\"zoom\" class=\"brxe-auldwb brxe-div brxe-auldwb_hxsll32p bricks-lightbox brxe-auldwb_hxsll32p\" data-gbrx-id=\"gb-auldwb\" data-gbrx-name=\"div\"><img loading=\"lazy\" decoding=\"async\" width=\"300\" height=\"177\" src=\"https:\/\/zweiradpopp.de\/wp-content\/uploads\/1000138450-300x177.jpg\" class=\"brxe-rswxrr brxe-image brxe-rswxrr_hxsll32p brxe-rswxrr_hxsll32p css-filter size-medium\" alt=\"Herren Elektro Fahrrad\" id=\"brxe-rswxrr_hxsll32p\" data-gbrx-id=\"gb-rswxrr\" data-gbrx-name=\"image\" data-gb-popup-text=\"You cannot edit this Dynamic Field here.\" srcset=\"https:\/\/zweiradpopp.de\/wp-content\/uploads\/1000138450-300x177.jpg 300w, https:\/\/zweiradpopp.de\/wp-content\/uploads\/1000138450-1024x605.jpg 1024w, https:\/\/zweiradpopp.de\/wp-content\/uploads\/1000138450-768x454.jpg 768w, https:\/\/zweiradpopp.de\/wp-content\/uploads\/1000138450-1536x907.jpg 1536w, https:\/\/zweiradpopp.de\/wp-content\/uploads\/1000138450-2048x1210.jpg 2048w\" sizes=\"auto, (max-width: 300px) 100vw, 300px\" \/><h6 id=\"brxe-jysuwy_hxsll32p\" class=\"brxe-jysuwy brxe-heading brxe-jysuwy_hxsll32p brxe-jysuwy_hxsll32p\" data-gbrx-id=\"gb-jysuwy\" data-gbrx-name=\"heading\" data-gb-popup-text=\"You cannot edit this Dynamic Field here.\">Preis: 1820,- \u20ac<\/h6><\/a><\/div><\/div><div id=\"brxe-zayune_hxsll32p\" class=\"brxe-zayune brxe-container brx-grid brxe-zayune_hxsll32p brxe-zayune_hxsll32p\" data-gbrx-id=\"gb-zayune\" data-gbrx-name=\"container\"><div id=\"brxe-dxvipa_hxsll32p\" class=\"brxe-dxvipa brxe-block brxe-dxvipa_hxsll32p brxe-dxvipa_hxsll32p\" data-gbrx-id=\"gb-dxvipa\" data-gbrx-name=\"block\"><h6 id=\"brxe-azrjub_hxsll32p\" class=\"brxe-azrjub brxe-heading brxe-azrjub_hxsll32p brxe-azrjub_hxsll32p\" data-gbrx-id=\"gb-azrjub\" data-gbrx-name=\"heading\" data-gb-popup-text=\"You cannot edit this Dynamic Field here.\">Herren Elektro Fahrrad<\/h6><div id=\"brxe-gislge_hxsll32p\" class=\"brxe-gislge brxe-text brxe-gislge_hxsll32p brxe-gislge_hxsll32p\" data-gbrx-id=\"gb-gislge\" data-gbrx-name=\"text\" data-gb-popup-text=\"You cannot edit this Dynamic Field here.\"><p>Victoria, eTrekking 7.4, Anthracit matt,<br \/>\nRahmenh\u00f6he: 53cm, Bereifung: 28 x 2,00, Schaltung: 7 Gang Shimano Nexus Leerlauf,<br \/>\nMotor: Bosch &#8222;Aktive Line Plus&#8220;, Akku: 500Wh, Display: Intuvia,<br \/>\nAusstattung: einstellbare Federgabel mit Lock Out, gefederte Sattelst\u00fctze, LED Scheinwerfer 80 LUX,<br \/>\nhydraulische Felgenbremsen, Rahmenschloss.<br \/>\nStatt bisher 3100,- \u20ac, <strong>jetzt 2480,- \u20ac<\/strong><\/p>\n<\/div><\/div><div id=\"brxe-angqxa_hxsll32p\" class=\"brxe-angqxa brxe-block brxe-angqxa_hxsll32p brxe-angqxa_hxsll32p\" data-gbrx-id=\"gb-angqxa\" data-gbrx-name=\"block\"><a id=\"brxe-auldwb_hxsll32p\" href=\"https:\/\/zweiradpopp.de\/wp-content\/uploads\/1000138453-1024x626.jpg\" data-pswp-src=\"https:\/\/zweiradpopp.de\/wp-content\/uploads\/1000138453-1024x626.jpg\" data-pswp-width=\"1024\" data-pswp-height=\"626\" data-animation-type=\"zoom\" class=\"brxe-auldwb brxe-div brxe-auldwb_hxsll32p bricks-lightbox brxe-auldwb_hxsll32p\" data-gbrx-id=\"gb-auldwb\" data-gbrx-name=\"div\"><img loading=\"lazy\" decoding=\"async\" width=\"300\" height=\"183\" src=\"https:\/\/zweiradpopp.de\/wp-content\/uploads\/1000138453-300x183.jpg\" class=\"brxe-rswxrr brxe-image brxe-rswxrr_hxsll32p brxe-rswxrr_hxsll32p css-filter size-medium\" alt=\"Herren Elektro Fahrrad\" id=\"brxe-rswxrr_hxsll32p\" data-gbrx-id=\"gb-rswxrr\" data-gbrx-name=\"image\" data-gb-popup-text=\"You cannot edit this Dynamic Field here.\" srcset=\"https:\/\/zweiradpopp.de\/wp-content\/uploads\/1000138453-300x183.jpg 300w, https:\/\/zweiradpopp.de\/wp-content\/uploads\/1000138453-1024x626.jpg 1024w, https:\/\/zweiradpopp.de\/wp-content\/uploads\/1000138453-768x469.jpg 768w, https:\/\/zweiradpopp.de\/wp-content\/uploads\/1000138453-1536x939.jpg 1536w, https:\/\/zweiradpopp.de\/wp-content\/uploads\/1000138453-2048x1252.jpg 2048w\" sizes=\"auto, (max-width: 300px) 100vw, 300px\" \/><h6 id=\"brxe-jysuwy_hxsll32p\" class=\"brxe-jysuwy brxe-heading brxe-jysuwy_hxsll32p brxe-jysuwy_hxsll32p\" data-gbrx-id=\"gb-jysuwy\" data-gbrx-name=\"heading\" data-gb-popup-text=\"You cannot edit this Dynamic Field here.\">Preis: 2480,- \u20ac<\/h6><\/a><\/div><\/div><div id=\"brxe-zayune_hxsll32p\" class=\"brxe-zayune brxe-container brx-grid brxe-zayune_hxsll32p brxe-zayune_hxsll32p\" data-gbrx-id=\"gb-zayune\" data-gbrx-name=\"container\"><div id=\"brxe-dxvipa_hxsll32p\" class=\"brxe-dxvipa brxe-block brxe-dxvipa_hxsll32p brxe-dxvipa_hxsll32p\" data-gbrx-id=\"gb-dxvipa\" data-gbrx-name=\"block\"><h6 id=\"brxe-azrjub_hxsll32p\" class=\"brxe-azrjub brxe-heading brxe-azrjub_hxsll32p brxe-azrjub_hxsll32p\" data-gbrx-id=\"gb-azrjub\" data-gbrx-name=\"heading\" data-gb-popup-text=\"You cannot edit this Dynamic Field here.\">Elektro Mountain Bike<\/h6><div id=\"brxe-gislge_hxsll32p\" class=\"brxe-gislge brxe-text brxe-gislge_hxsll32p brxe-gislge_hxsll32p\" data-gbrx-id=\"gb-gislge\" data-gbrx-name=\"text\" data-gb-popup-text=\"You cannot edit this Dynamic Field here.\"><p>BBF,\u00a0 eStreetrider 2.0, Schwarz matt,<br \/>\nRahmenh\u00f6he: 48cm, Bereifung: 29 x 2,40, Gangschaltung: 12 Gang Shimano Deore.<br \/>\nMotor: Bosch &#8222;Performance Line CX&#8220;, Akku: 625Wh, Display: Purion.<br \/>\nAusstattung: einstellbare Federgabel mit Pop Lock, hydraulische Scheibenbremsen.<br \/>\nBisheriger Preis: 4600,- \u20ac, jetzt nur noch <strong>3680,- \u20ac<\/strong><\/p>\n<\/div><\/div><div id=\"brxe-angqxa_hxsll32p\" class=\"brxe-angqxa brxe-block brxe-angqxa_hxsll32p brxe-angqxa_hxsll32p\" data-gbrx-id=\"gb-angqxa\" data-gbrx-name=\"block\"><a id=\"brxe-auldwb_hxsll32p\" href=\"https:\/\/zweiradpopp.de\/wp-content\/uploads\/1000138454-1024x618.jpg\" data-pswp-src=\"https:\/\/zweiradpopp.de\/wp-content\/uploads\/1000138454-1024x618.jpg\" data-pswp-width=\"1024\" data-pswp-height=\"618\" data-animation-type=\"zoom\" class=\"brxe-auldwb brxe-div brxe-auldwb_hxsll32p bricks-lightbox brxe-auldwb_hxsll32p\" data-gbrx-id=\"gb-auldwb\" data-gbrx-name=\"div\"><img loading=\"lazy\" decoding=\"async\" width=\"300\" height=\"181\" src=\"https:\/\/zweiradpopp.de\/wp-content\/uploads\/1000138454-300x181.jpg\" class=\"brxe-rswxrr brxe-image brxe-rswxrr_hxsll32p brxe-rswxrr_hxsll32p css-filter size-medium\" alt=\"Elektro Mountain Bike\" id=\"brxe-rswxrr_hxsll32p\" data-gbrx-id=\"gb-rswxrr\" data-gbrx-name=\"image\" data-gb-popup-text=\"You cannot edit this Dynamic Field here.\" srcset=\"https:\/\/zweiradpopp.de\/wp-content\/uploads\/1000138454-300x181.jpg 300w, https:\/\/zweiradpopp.de\/wp-content\/uploads\/1000138454-1024x618.jpg 1024w, https:\/\/zweiradpopp.de\/wp-content\/uploads\/1000138454-768x463.jpg 768w, https:\/\/zweiradpopp.de\/wp-content\/uploads\/1000138454-1536x927.jpg 1536w, https:\/\/zweiradpopp.de\/wp-content\/uploads\/1000138454-2048x1236.jpg 2048w\" sizes=\"auto, (max-width: 300px) 100vw, 300px\" \/><h6 id=\"brxe-jysuwy_hxsll32p\" class=\"brxe-jysuwy brxe-heading brxe-jysuwy_hxsll32p brxe-jysuwy_hxsll32p\" data-gbrx-id=\"gb-jysuwy\" data-gbrx-name=\"heading\" data-gb-popup-text=\"You cannot edit this Dynamic Field here.\">Preis: 3680,- \u20ac<\/h6><\/a><\/div><\/div><div id=\"brxe-zayune_hxsll32p\" class=\"brxe-zayune brxe-container brx-grid brxe-zayune_hxsll32p brxe-zayune_hxsll32p\" data-gbrx-id=\"gb-zayune\" data-gbrx-name=\"container\"><div id=\"brxe-dxvipa_hxsll32p\" class=\"brxe-dxvipa brxe-block brxe-dxvipa_hxsll32p brxe-dxvipa_hxsll32p\" data-gbrx-id=\"gb-dxvipa\" data-gbrx-name=\"block\"><h6 id=\"brxe-azrjub_hxsll32p\" class=\"brxe-azrjub brxe-heading brxe-azrjub_hxsll32p brxe-azrjub_hxsll32p\" data-gbrx-id=\"gb-azrjub\" data-gbrx-name=\"heading\" data-gb-popup-text=\"You cannot edit this Dynamic Field here.\">Herren Elektro Fahrrad<\/h6><div id=\"brxe-gislge_hxsll32p\" class=\"brxe-gislge brxe-text brxe-gislge_hxsll32p brxe-gislge_hxsll32p\" data-gbrx-id=\"gb-gislge\" data-gbrx-name=\"text\" data-gb-popup-text=\"You cannot edit this Dynamic Field here.\"><div id=\"brxe-dxvipa_hxsll32p\" class=\"brxe-dxvipa brxe-block brxe-dxvipa_hxsll32p brxe-dxvipa_hxsll32p\" data-gbrx-id=\"gb-dxvipa\" data-gbrx-name=\"block\">\n<p>Victoria, eTrekking 6.5, Schwarz matt,<br \/>\nRahmenh\u00f6he: 58cm, Bereifung: 28 x 1,75, Schaltung: 10 Gang Shimano Deore,<br \/>\nMotor: Bosch \u201eAktive Line Plus\u201c, Akku: 500Wh, Display: Intuvia,<br \/>\nAusstattung: einstellbare Federgabel, gefederte Sattelst\u00fctze, LED Scheinwerfer,<br \/>\nhydraulische Scheibenbremsen, Rahmenschloss.<br \/>\nStatt bisher 2600,- \u20ac, <strong>jetzt 1820,- \u20ac<\/strong><\/p>\n<\/div>\n<\/div><\/div><div id=\"brxe-angqxa_hxsll32p\" class=\"brxe-angqxa brxe-block brxe-angqxa_hxsll32p brxe-angqxa_hxsll32p\" data-gbrx-id=\"gb-angqxa\" data-gbrx-name=\"block\"><a id=\"brxe-auldwb_hxsll32p\" href=\"https:\/\/zweiradpopp.de\/wp-content\/uploads\/1000138447-1024x604.jpg\" data-pswp-src=\"https:\/\/zweiradpopp.de\/wp-content\/uploads\/1000138447-1024x604.jpg\" data-pswp-width=\"1024\" data-pswp-height=\"604\" data-animation-type=\"zoom\" class=\"brxe-auldwb brxe-div brxe-auldwb_hxsll32p bricks-lightbox brxe-auldwb_hxsll32p\" data-gbrx-id=\"gb-auldwb\" data-gbrx-name=\"div\"><img loading=\"lazy\" decoding=\"async\" width=\"300\" height=\"177\" src=\"https:\/\/zweiradpopp.de\/wp-content\/uploads\/1000138447-300x177.jpg\" class=\"brxe-rswxrr brxe-image brxe-rswxrr_hxsll32p brxe-rswxrr_hxsll32p css-filter size-medium\" alt=\"Herren Elektro Fahrrad\" id=\"brxe-rswxrr_hxsll32p\" data-gbrx-id=\"gb-rswxrr\" data-gbrx-name=\"image\" data-gb-popup-text=\"You cannot edit this Dynamic Field here.\" srcset=\"https:\/\/zweiradpopp.de\/wp-content\/uploads\/1000138447-300x177.jpg 300w, https:\/\/zweiradpopp.de\/wp-content\/uploads\/1000138447-1024x604.jpg 1024w, https:\/\/zweiradpopp.de\/wp-content\/uploads\/1000138447-768x453.jpg 768w, https:\/\/zweiradpopp.de\/wp-content\/uploads\/1000138447-1536x906.jpg 1536w, https:\/\/zweiradpopp.de\/wp-content\/uploads\/1000138447-2048x1208.jpg 2048w\" sizes=\"auto, (max-width: 300px) 100vw, 300px\" \/><h6 id=\"brxe-jysuwy_hxsll32p\" class=\"brxe-jysuwy brxe-heading brxe-jysuwy_hxsll32p brxe-jysuwy_hxsll32p\" data-gbrx-id=\"gb-jysuwy\" data-gbrx-name=\"heading\" data-gb-popup-text=\"You cannot edit this Dynamic Field here.\">Preis: 1820,- \u20ac<\/h6><\/a><\/div><\/div><\/section>","protected":false},"excerpt":{"rendered":"<p>Mein g\u00fcnstigstes Elektro Damenrad<br \/>\nVictoria, e-Trekking 5.5, Bosch Aktive Line Motor, 300 Wh Akku, Bosch Purion Display, 28&#8243; Bereifung, 7 Gang Leerlauf.<br \/>\nStatt bisher 1900,- \u20ac, jetzt 1330,- \u20ac<\/p>\n","protected":false},"author":1,"featured_media":0,"parent":0,"menu_order":0,"comment_status":"closed","ping_status":"closed","template":"","meta":{"_acf_changed":false,"footnotes":""},"class_list":["post-16","page","type-page","status-publish","hentry"],"acf":[],"_links":{"self":[{"href":"https:\/\/zweiradpopp.de\/index.php?rest_route=\/wp\/v2\/pages\/16","targetHints":{"allow":["GET"]}}],"collection":[{"href":"https:\/\/zweiradpopp.de\/index.php?rest_route=\/wp\/v2\/pages"}],"about":[{"href":"https:\/\/zweiradpopp.de\/index.php?rest_route=\/wp\/v2\/types\/page"}],"author":[{"embeddable":true,"href":"https:\/\/zweiradpopp.de\/index.php?rest_route=\/wp\/v2\/users\/1"}],"replies":[{"embeddable":true,"href":"https:\/\/zweiradpopp.de\/index.php?rest_route=%2Fwp%2Fv2%2Fcomments&post=16"}],"version-history":[{"count":12,"href":"https:\/\/zweiradpopp.de\/index.php?rest_route=\/wp\/v2\/pages\/16\/revisions"}],"predecessor-version":[{"id":202,"href":"https:\/\/zweiradpopp.de\/index.php?rest_route=\/wp\/v2\/pages\/16\/revisions\/202"}],"wp:attachment":[{"href":"https:\/\/zweiradpopp.de\/index.php?rest_route=%2Fwp%2Fv2%2Fmedia&parent=16"}],"curies":[{"name":"wp","href":"https:\/\/api.w.org\/{rel}","templated":true}]}}